
{"id":85,"date":"2016-03-07T10:55:02","date_gmt":"2016-03-07T09:55:02","guid":{"rendered":"https:\/\/przedszkole13.edu.wroclaw.pl\/?page_id=85"},"modified":"2026-03-23T10:48:31","modified_gmt":"2026-03-23T09:48:31","slug":"jadlospis","status":"publish","type":"page","link":"https:\/\/przedszkole13.edu.wroclaw.pl\/index.php\/dal-rodzicow\/jadlospis\/","title":{"rendered":"Jad\u0142ospis"},"content":{"rendered":"<div class=\"wpb-content-wrapper\"><p>[vc_row][vc_column][vc_column_text css_animation=&#8221;zoomInDown&#8221; css=&#8221;&#8221;]<\/p>\n<p style=\"text-align: center\"><strong>JAD\u0141OSPIS\u00a0 od 23.03.2026 do 03.04.2026<\/strong><strong><br \/>\n<\/strong><\/p>\n<p><span style=\"color: #ff0000\"><em>Wykaz substancji i produkt\u00f3w powoduj\u0105cych alergie lub nietolerancje pokarmowe wykorzystanych do przygotowania posi\u0142k\u00f3w na terenie naszej kuchni zaznaczono pogrubion\u0105 czcionk\u0105<\/em><\/span><\/p>\n<p>Rozp. PEiR Nr 1169\/2011 z dn. 25.10.11r<em>. w sprawie przekazywania konsumentom informacji na temat \u017cywno\u015bci. <\/em>Za\u0142\u0105cznik Nr II[\/vc_column_text][vc_empty_space][vc_column_text css=&#8221;&#8221;][\/vc_column_text][vc_empty_space][vc_column_text css=&#8221;&#8221;]<span style=\"color: #000000\">Zastrzegamy mo\u017cliwo\u015b\u0107 zmian w jad\u0142ospisie<\/span><\/p>\n<p><span style=\"color: #000000\">Wszystkie potrawy s\u0105 w\u0142asnej produkcji <a href=\"https:\/\/przedszkole13.edu.wroclaw.pl\/wp-content\/uploads\/sites\/18\/2026\/03\/jadlospis-23.03.26-do-03.04.2026.docx\">jad\u0142ospis 23.03.26 do 03.04.2026<\/a><\/span>[\/vc_column_text][\/vc_column][\/vc_row]<\/p>\n<\/div>","protected":false},"excerpt":{"rendered":"<p>[vc_row][vc_column][vc_column_text css_animation=&#8221;zoomInDown&#8221; css=&#8221;&#8221;] JAD\u0141OSPIS\u00a0 od 23.03.2026 do 03.04.2026 Wykaz substancji i produkt\u00f3w powoduj\u0105cych alergie lub nietolerancje pokarmowe wykorzystanych do przygotowania posi\u0142k\u00f3w na terenie naszej kuchni zaznaczono pogrubion\u0105 czcionk\u0105 Rozp. PEiR [&hellip;]<\/p>\n","protected":false},"author":15,"featured_media":0,"parent":81,"menu_order":0,"comment_status":"closed","ping_status":"closed","template":"","meta":{"ngg_post_thumbnail":0,"footnotes":""},"class_list":["post-85","page","type-page","status-publish","hentry","clearfix"],"_links":{"self":[{"href":"https:\/\/przedszkole13.edu.wroclaw.pl\/index.php\/wp-json\/wp\/v2\/pages\/85","targetHints":{"allow":["GET"]}}],"collection":[{"href":"https:\/\/przedszkole13.edu.wroclaw.pl\/index.php\/wp-json\/wp\/v2\/pages"}],"about":[{"href":"https:\/\/przedszkole13.edu.wroclaw.pl\/index.php\/wp-json\/wp\/v2\/types\/page"}],"author":[{"embeddable":true,"href":"https:\/\/przedszkole13.edu.wroclaw.pl\/index.php\/wp-json\/wp\/v2\/users\/15"}],"replies":[{"embeddable":true,"href":"https:\/\/przedszkole13.edu.wroclaw.pl\/index.php\/wp-json\/wp\/v2\/comments?post=85"}],"version-history":[{"count":153,"href":"https:\/\/przedszkole13.edu.wroclaw.pl\/index.php\/wp-json\/wp\/v2\/pages\/85\/revisions"}],"predecessor-version":[{"id":1996,"href":"https:\/\/przedszkole13.edu.wroclaw.pl\/index.php\/wp-json\/wp\/v2\/pages\/85\/revisions\/1996"}],"up":[{"embeddable":true,"href":"https:\/\/przedszkole13.edu.wroclaw.pl\/index.php\/wp-json\/wp\/v2\/pages\/81"}],"wp:attachment":[{"href":"https:\/\/przedszkole13.edu.wroclaw.pl\/index.php\/wp-json\/wp\/v2\/media?parent=85"}],"curies":[{"name":"wp","href":"https:\/\/api.w.org\/{rel}","templated":true}]}}