
{"id":83,"date":"2016-03-07T10:54:22","date_gmt":"2016-03-07T09:54:22","guid":{"rendered":"https:\/\/przedszkole13.edu.wroclaw.pl\/?page_id=83"},"modified":"2025-09-10T14:59:43","modified_gmt":"2025-09-10T12:59:43","slug":"83-2","status":"publish","type":"page","link":"https:\/\/przedszkole13.edu.wroclaw.pl\/index.php\/dal-rodzicow\/83-2\/","title":{"rendered":"Op\u0142aty"},"content":{"rendered":"<div class=\"wpb-content-wrapper\"><p>[vc_row][vc_column][vc_column_text css_animation=&#8221;bottom-to-top&#8221; css=&#8221;&#8221;]Dzienna op\u0142ata za wy\u017cywienie dziecka wynosi\u00a0 12<strong>\u00a0 z\u0142<\/strong><\/p>\n<p>Op\u0142ata sta\u0142a za godzin\u0119 pobytu dziecka w przedszkolu poza czasem bezp\u0142atnych zaj\u0119\u0107 wynosi\u00a0<strong>1, 44\u00a0<\/strong>z\u0142.<\/p>\n<p>P\u0142atno\u015bci dokonujemy z do\u0142u, do 15 \u2013 go dnia nast\u0119pnego \u00a0miesi\u0105ca \u00a0na konto\u00a0<strong>Przedszkola nr 13<\/strong>\u00a0(np. op\u0142aty za wrzesie\u0144 dokonujemy do 15 pa\u017adziernika)<\/p>\n<p>Informacja o wysoko\u015bci \u00a0nale\u017cno\u015bci \u00a0wraz z numerem konta do wp\u0142at wysy\u0142ana jest na e-maila podanego przez rodzica\/opiekuna prawnego.<\/p>\n<p><strong>UWAGA !!!<\/strong>\u00a0Dokonuj\u0105c p\u0142atno\u015bci bezgot\u00f3wkowej na druku bankowym nale\u017cy wpisa\u0107:<\/p>\n<p>Przedszkole nr 13, imi\u0119 i nazwisko dziecka, op\u0142ata za miesi\u0105c \u2026\u2026..<\/p>\n<p>Podstawa prawna:<\/p>\n<ul>\n<li>Ustawa z dnia 14 grudnia 2016 \u2013 Prawo o\u015bwiatowe\u00a0 U. 2017 p.\u00a0 59<\/li>\n<li>Uchwa\u0142a Nr III\/18\/24 Rady Miejskiej Wroc\u0142awia z dnia 06 czerwca 2024 r. zmieniaj\u0105ca uchwa\u0142\u0119 nr LVII\/1513\/22 Rady Miejskiej Wroc\u0142awia w sprawie ustalenia czasu bezp\u0142atnego nauczania, wychowania i opieki oraz wysoko\u015bci op\u0142at za korzystanie z wychowania przedszkolnego w publicznych przedszkolach i oddzia\u0142ach przedszkolnych w publicznych szko\u0142ach podstawowych prowadzonych przez gmin\u0119 .<\/li>\n<\/ul>\n<p>[\/vc_column_text][\/vc_column][\/vc_row]<\/p>\n<\/div>","protected":false},"excerpt":{"rendered":"<p>[vc_row][vc_column][vc_column_text css_animation=&#8221;bottom-to-top&#8221; css=&#8221;&#8221;]Dzienna op\u0142ata za wy\u017cywienie dziecka wynosi\u00a0 12\u00a0 z\u0142 Op\u0142ata sta\u0142a za godzin\u0119 pobytu dziecka w przedszkolu poza czasem bezp\u0142atnych zaj\u0119\u0107 wynosi\u00a01, 44\u00a0z\u0142. P\u0142atno\u015bci dokonujemy z do\u0142u, do 15 [&hellip;]<\/p>\n","protected":false},"author":15,"featured_media":0,"parent":81,"menu_order":0,"comment_status":"closed","ping_status":"closed","template":"","meta":{"ngg_post_thumbnail":0,"footnotes":""},"class_list":["post-83","page","type-page","status-publish","hentry","clearfix"],"_links":{"self":[{"href":"https:\/\/przedszkole13.edu.wroclaw.pl\/index.php\/wp-json\/wp\/v2\/pages\/83","targetHints":{"allow":["GET"]}}],"collection":[{"href":"https:\/\/przedszkole13.edu.wroclaw.pl\/index.php\/wp-json\/wp\/v2\/pages"}],"about":[{"href":"https:\/\/przedszkole13.edu.wroclaw.pl\/index.php\/wp-json\/wp\/v2\/types\/page"}],"author":[{"embeddable":true,"href":"https:\/\/przedszkole13.edu.wroclaw.pl\/index.php\/wp-json\/wp\/v2\/users\/15"}],"replies":[{"embeddable":true,"href":"https:\/\/przedszkole13.edu.wroclaw.pl\/index.php\/wp-json\/wp\/v2\/comments?post=83"}],"version-history":[{"count":15,"href":"https:\/\/przedszkole13.edu.wroclaw.pl\/index.php\/wp-json\/wp\/v2\/pages\/83\/revisions"}],"predecessor-version":[{"id":1798,"href":"https:\/\/przedszkole13.edu.wroclaw.pl\/index.php\/wp-json\/wp\/v2\/pages\/83\/revisions\/1798"}],"up":[{"embeddable":true,"href":"https:\/\/przedszkole13.edu.wroclaw.pl\/index.php\/wp-json\/wp\/v2\/pages\/81"}],"wp:attachment":[{"href":"https:\/\/przedszkole13.edu.wroclaw.pl\/index.php\/wp-json\/wp\/v2\/media?parent=83"}],"curies":[{"name":"wp","href":"https:\/\/api.w.org\/{rel}","templated":true}]}}