
{"id":48,"date":"2016-03-07T09:57:36","date_gmt":"2016-03-07T08:57:36","guid":{"rendered":"https:\/\/przedszkole13.edu.wroclaw.pl\/?page_id=48"},"modified":"2016-03-08T10:38:15","modified_gmt":"2016-03-08T09:38:15","slug":"bezpieczenstwo","status":"publish","type":"page","link":"https:\/\/przedszkole13.edu.wroclaw.pl\/index.php\/strona-glowna\/bezpieczenstwo\/","title":{"rendered":"BEZPIECZE\u0143STWO"},"content":{"rendered":"<div class=\"wpb-content-wrapper\"><p>[vc_row][vc_column][vc_column_text]<br \/>\n[\/vc_column_text][\/vc_column][\/vc_row][vc_row][vc_column][vc_column_text css_animation=&#8221;right-to-left&#8221;]Bezpiecze\u0144stwo i zdrowie dziecka w przedszkolu to podstawowe zadanie dla nauczyciela. Dzieci maj\u0105 ma\u0142e do\u015bwiadczenie \u017cyciowe, niewielki zas\u00f3b wypr\u00f3bowanych technik radzenia sobie z r\u00f3\u017cnymi problemami. Dlatego te\u017c bardzo wa\u017cne jest, aby przedszkole od najwcze\u015bniejszych lat wyposa\u017cy\u0142o dzieci w nawyki unikania, zapobiegania i mo\u017cliwie szybkiego pokonywania niebezpiecze\u0144stw.<br \/>\nDzia\u0142ania profilaktyczne przedszkola to:<br \/>\n\u2022 Przybli\u017cenie dzieciom zagro\u017ce\u0144 na kt\u00f3re mo\u017ce by\u0107 nara\u017cone<br \/>\n\u2022 Nauka odpowiedzialno\u015bci za swoje czyny ,przewidywanie skutk\u00f3w<br \/>\n\u2022 Nauka radzenia sobie w r\u00f3\u017cnych sytuacjach<br \/>\n\u2022 Nauka podejmowania w\u0142a\u015bciwych decyzji<br \/>\nW przedszkolu dziecko powinno dowiedzie\u0107 si\u0119 i nauczy\u0107 radzenia sobie w r\u00f3\u017cnych sytuacjach takich jak:<br \/>\n\u2022 prawid\u0142owe zachowanie si\u0119 na drodze ,znajomo\u015b\u0107 podstawowych przepis\u00f3w ruchu drogowego<br \/>\n\u2022 bezpieczne zabawy ze zwierz\u0119tami(posiada\u0107 wiadomo\u015bci o prawid\u0142owym zachowaniu si\u0119 gdy atakuje zwierz\u0119)<br \/>\n\u2022 prawid\u0142owe zachowanie si\u0119 w kontakcie z obcym cz\u0142owiekiem<br \/>\nBezpieczne przedszkole to:<br \/>\n\u2022 Pi\u0119kne ,przestronne sale<br \/>\n\u2022 Bezpieczny plac zabaw<br \/>\n\u2022 U\u015bmiechni\u0119ty personel<br \/>\n\u2022 Pomoc dziecku w ka\u017cdej sytuacji<\/p>\n<p>PROCEDURY<\/p>\n<p>Jak ka\u017cda plac\u00f3wka dla dzieci, nasze przedszkole posiada ustalone procedury dotycz\u0105ce bezpiecze\u0144stwa wychowank\u00f3w. W naszym przedszkolu wszystkich pracownik\u00f3w, rodzic\u00f3w i opiekun\u00f3w obowi\u0105zuj\u0105 przepisy zawarte w: statucie plac\u00f3wki, wewn\u0119trznych procedurach i regulaminach[\/vc_column_text][\/vc_column][\/vc_row]<\/p>\n<\/div>","protected":false},"excerpt":{"rendered":"<p>[vc_row][vc_column][vc_column_text] [\/vc_column_text][\/vc_column][\/vc_row][vc_row][vc_column][vc_column_text css_animation=&#8221;right-to-left&#8221;]Bezpiecze\u0144stwo i zdrowie dziecka w przedszkolu to podstawowe zadanie dla nauczyciela. Dzieci maj\u0105 ma\u0142e do\u015bwiadczenie \u017cyciowe, niewielki zas\u00f3b wypr\u00f3bowanych technik radzenia sobie z r\u00f3\u017cnymi problemami. Dlatego te\u017c bardzo [&hellip;]<\/p>\n","protected":false},"author":15,"featured_media":0,"parent":25,"menu_order":0,"comment_status":"closed","ping_status":"closed","template":"","meta":{"ngg_post_thumbnail":0,"footnotes":""},"class_list":["post-48","page","type-page","status-publish","hentry","clearfix"],"_links":{"self":[{"href":"https:\/\/przedszkole13.edu.wroclaw.pl\/index.php\/wp-json\/wp\/v2\/pages\/48","targetHints":{"allow":["GET"]}}],"collection":[{"href":"https:\/\/przedszkole13.edu.wroclaw.pl\/index.php\/wp-json\/wp\/v2\/pages"}],"about":[{"href":"https:\/\/przedszkole13.edu.wroclaw.pl\/index.php\/wp-json\/wp\/v2\/types\/page"}],"author":[{"embeddable":true,"href":"https:\/\/przedszkole13.edu.wroclaw.pl\/index.php\/wp-json\/wp\/v2\/users\/15"}],"replies":[{"embeddable":true,"href":"https:\/\/przedszkole13.edu.wroclaw.pl\/index.php\/wp-json\/wp\/v2\/comments?post=48"}],"version-history":[{"count":5,"href":"https:\/\/przedszkole13.edu.wroclaw.pl\/index.php\/wp-json\/wp\/v2\/pages\/48\/revisions"}],"predecessor-version":[{"id":122,"href":"https:\/\/przedszkole13.edu.wroclaw.pl\/index.php\/wp-json\/wp\/v2\/pages\/48\/revisions\/122"}],"up":[{"embeddable":true,"href":"https:\/\/przedszkole13.edu.wroclaw.pl\/index.php\/wp-json\/wp\/v2\/pages\/25"}],"wp:attachment":[{"href":"https:\/\/przedszkole13.edu.wroclaw.pl\/index.php\/wp-json\/wp\/v2\/media?parent=48"}],"curies":[{"name":"wp","href":"https:\/\/api.w.org\/{rel}","templated":true}]}}