
{"id":442,"date":"2018-10-05T08:36:28","date_gmt":"2018-10-05T06:36:28","guid":{"rendered":"https:\/\/przedszkole13.edu.wroclaw.pl\/?page_id=442"},"modified":"2025-05-09T14:20:49","modified_gmt":"2025-05-09T12:20:49","slug":"procedury","status":"publish","type":"page","link":"https:\/\/przedszkole13.edu.wroclaw.pl\/index.php\/dal-rodzicow\/procedury\/","title":{"rendered":"Procedury, Regulaminy"},"content":{"rendered":"<div class=\"wpb-content-wrapper\"><p>[vc_row][vc_column][vc_column_text]<\/p>\n<div class=\"wp-block-file\"><span style=\"color: #000000\"><strong><span style=\"font-size: 14pt\"><a style=\"color: #000000\" href=\"\/wp-content\/uploads\/sites\/18\/2020\/02\/Procedura-odbioru-dziecka-z-Przedszkola-nr-13.doc\" target=\"_blank\" rel=\"noopener noreferrer\">Procedura odbioru dziecka z Przedszkola nr 13 <\/a><span style=\"color: #ffffff\"><a class=\"wp-block-file__button\" style=\"color: #ffffff\" href=\"\/wp-content\/uploads\/sites\/18\/2020\/02\/Procedura-odbioru-dziecka-z-Przedszkola-nr-13.doc\" rel=\"noopener noreferrer\">Pobierz<\/a><\/span><\/span><\/strong><\/span><\/div>\n<p>[\/vc_column_text][vc_column_text]<a href=\"https:\/\/przedszkole13.edu.wroclaw.pl\/wp-content\/uploads\/sites\/18\/2021\/03\/Procedury-zwiazane-z-bezpiecznym-pobytem-dziecka-w-Przedszkolu-Nr-13-we-Wroclawiu.pdf\">Procedury zwi\u0105zane z bezpiecznym pobytem dziecka w Przedszkolu Nr 13 we Wroc\u0142awiu (PDF 549KB)<\/a>[\/vc_column_text][\/vc_column][\/vc_row][vc_row][vc_column][vc_column_text]<span style=\"font-size: 14pt\"><a href=\"https:\/\/przedszkole13.edu.wroclaw.pl\/wp-content\/uploads\/sites\/18\/2021\/06\/REGULAMIN-KORZYSTANIA-Z-URZADZEN-NA-PLACU-ZABAW-PRZEDSZKOLA-NR-13-WE-WROCLAWIU.doc\">Regulamin korzystania z urz\u0105dze\u0144 na placu Przedszkola nr 13 we Wroc\u0142awiu (DOCX 34KB)<\/a><\/span><\/p>\n<p><span style=\"font-size: 14pt\"><a href=\"https:\/\/przedszkole13.edu.wroclaw.pl\/wp-content\/uploads\/sites\/18\/2021\/06\/6.-ORGANIZACJI-WYCIECZEK-I-SPECEROW-W-PRZEDSZKOLU-NR-13.doc\">Organizacja wycieczek i spacer\u00f3w w przedszkolu nr 13 (DOC 40KB)<\/a><\/span><\/p>\n<p><span style=\"font-size: 14pt\"><a href=\"https:\/\/przedszkole13.edu.wroclaw.pl\/wp-content\/uploads\/sites\/18\/2021\/06\/9.-Procedura-laczenia-grup.docx\">Procedura \u0142\u0105czenia grup (DOCX 16KB)<\/a><\/span>[\/vc_column_text][\/vc_column][\/vc_row][vc_row][vc_column][vc_column_text]<span style=\"font-size: 14pt;font-family: arial, helvetica, sans-serif\"><a href=\"https:\/\/przedszkole13.edu.wroclaw.pl\/wp-content\/uploads\/sites\/18\/2021\/11\/Procedura-bezpieczenstwa-w-Przedszkolu-nr-13-we-Wroclawiu-w-warunkach-pandemii-COVID-wersja.-4.0-VIII-2021_.docx\">Procedura bezpiecze\u0144stwa w Przedszkolu nr 13 we Wroc\u0142awiu w warunkach pandemii COVID wersja. 4.0-VIII-2021 (DOXC 63KB)<\/a><\/span>[\/vc_column_text][\/vc_column][\/vc_row][vc_row][vc_column][vc_column_text css=&#8221;&#8221;]<\/p>\n<h3><a href=\"https:\/\/przedszkole13.edu.wroclaw.pl\/wp-content\/uploads\/sites\/18\/2025\/05\/Procedura-ochrony-dzieci_DOCX-535KB.docx\">Procedura<\/a><a href=\"https:\/\/przedszkole13.edu.wroclaw.pl\/wp-content\/uploads\/sites\/18\/2025\/05\/Procedura-ochrony-dzieci_DOCX-535KB.docx\"> ochro<\/a><a href=\"https:\/\/przedszkole13.edu.wroclaw.pl\/wp-content\/uploads\/sites\/18\/2025\/05\/Procedura-ochrony-dzieci_DOCX-535KB.docx\">ny<\/a><a href=\"https:\/\/przedszkole13.edu.wroclaw.pl\/wp-content\/uploads\/sites\/18\/2025\/05\/Procedura-ochrony-dzieci_DOCX-535KB.docx\"> dzieci_(DOCX 53,5KB)<\/a><\/h3>\n<p>[\/vc_column_text][\/vc_column][\/vc_row]<\/p>\n<\/div>","protected":false},"excerpt":{"rendered":"<p>[vc_row][vc_column][vc_column_text] Procedura odbioru dziecka z Przedszkola nr 13 Pobierz [\/vc_column_text][vc_column_text]Procedury zwi\u0105zane z bezpiecznym pobytem dziecka w Przedszkolu Nr 13 we Wroc\u0142awiu (PDF 549KB)[\/vc_column_text][\/vc_column][\/vc_row][vc_row][vc_column][vc_column_text]Regulamin korzystania z urz\u0105dze\u0144 na placu Przedszkola nr [&hellip;]<\/p>\n","protected":false},"author":72,"featured_media":0,"parent":81,"menu_order":0,"comment_status":"closed","ping_status":"closed","template":"","meta":{"ngg_post_thumbnail":0,"footnotes":""},"class_list":["post-442","page","type-page","status-publish","hentry","clearfix"],"_links":{"self":[{"href":"https:\/\/przedszkole13.edu.wroclaw.pl\/index.php\/wp-json\/wp\/v2\/pages\/442","targetHints":{"allow":["GET"]}}],"collection":[{"href":"https:\/\/przedszkole13.edu.wroclaw.pl\/index.php\/wp-json\/wp\/v2\/pages"}],"about":[{"href":"https:\/\/przedszkole13.edu.wroclaw.pl\/index.php\/wp-json\/wp\/v2\/types\/page"}],"author":[{"embeddable":true,"href":"https:\/\/przedszkole13.edu.wroclaw.pl\/index.php\/wp-json\/wp\/v2\/users\/72"}],"replies":[{"embeddable":true,"href":"https:\/\/przedszkole13.edu.wroclaw.pl\/index.php\/wp-json\/wp\/v2\/comments?post=442"}],"version-history":[{"count":10,"href":"https:\/\/przedszkole13.edu.wroclaw.pl\/index.php\/wp-json\/wp\/v2\/pages\/442\/revisions"}],"predecessor-version":[{"id":1741,"href":"https:\/\/przedszkole13.edu.wroclaw.pl\/index.php\/wp-json\/wp\/v2\/pages\/442\/revisions\/1741"}],"up":[{"embeddable":true,"href":"https:\/\/przedszkole13.edu.wroclaw.pl\/index.php\/wp-json\/wp\/v2\/pages\/81"}],"wp:attachment":[{"href":"https:\/\/przedszkole13.edu.wroclaw.pl\/index.php\/wp-json\/wp\/v2\/media?parent=442"}],"curies":[{"name":"wp","href":"https:\/\/api.w.org\/{rel}","templated":true}]}}