
{"id":438,"date":"2018-10-05T08:35:46","date_gmt":"2018-10-05T06:35:46","guid":{"rendered":"https:\/\/przedszkole13.edu.wroclaw.pl\/?page_id=438"},"modified":"2026-02-06T08:40:58","modified_gmt":"2026-02-06T07:40:58","slug":"1-2","status":"publish","type":"page","link":"https:\/\/przedszkole13.edu.wroclaw.pl\/index.php\/dal-rodzicow\/1-2\/","title":{"rendered":"1,5%"},"content":{"rendered":"<div class=\"wpb-content-wrapper\"><p>[vc_row][vc_column][vc_column_text css=&#8221;&#8221;]<img loading=\"lazy\" decoding=\"async\" class=\"alignnone wp-image-1925 size-medium\" src=\"https:\/\/przedszkole13.edu.wroclaw.pl\/wp-content\/uploads\/sites\/18\/2026\/02\/15--300x194.png\" alt=\"\" width=\"300\" height=\"194\" srcset=\"https:\/\/przedszkole13.edu.wroclaw.pl\/wp-content\/uploads\/sites\/18\/2026\/02\/15--300x194.png 300w, https:\/\/przedszkole13.edu.wroclaw.pl\/wp-content\/uploads\/sites\/18\/2026\/02\/15-.png 591w\" sizes=\"auto, (max-width: 300px) 100vw, 300px\" \/><\/p>\n<p><span style=\"color: #000000\"><strong>KA\u017bDA\u00a0Z\u0141OT\u00d3WKA SI\u0118 LICZY\u2026 NA DOPOSA\u017bENIE NASZEGO PRZEDSZKOLA <\/strong><\/span><\/p>\n<p><span style=\"color: #000000\">Jak przekaza\u0107 1,5% podatku?<\/span><\/p>\n<p><span style=\"color: #000000\">Wype\u0142niaj\u0105c PIT-36, PIT-37 lub PIT-38 wpisa\u0107 nazw\u0119:<\/span><\/p>\n<p><span style=\"color: #000000\"><strong>Fundacja \u201eStrachota\u201d we Wroc\u0142awiu oraz numer KRS: 0000224647<\/strong><\/span><\/p>\n<p><span style=\"color: #000000\"><strong>CEL SZCZEG\u00d3\u0141OWY: PRZEDSZKOLE NR 13 <\/strong><\/span><\/p>\n<p><span style=\"color: #000000\">1,5% podatku zostanie przekazany przez urz\u0105d skarbowy.<\/span><\/p>\n<p>W ubieg\u0142ym roku podatkowym dzi\u0119ki 1,5% podatku zebrali\u015bmy a\u017c 7692,20z\u0142[\/vc_column_text][\/vc_column][\/vc_row]<\/p>\n<\/div>","protected":false},"excerpt":{"rendered":"<p>[vc_row][vc_column][vc_column_text css=&#8221;&#8221;] KA\u017bDA\u00a0Z\u0141OT\u00d3WKA SI\u0118 LICZY\u2026 NA DOPOSA\u017bENIE NASZEGO PRZEDSZKOLA Jak przekaza\u0107 1,5% podatku? Wype\u0142niaj\u0105c PIT-36, PIT-37 lub PIT-38 wpisa\u0107 nazw\u0119: Fundacja \u201eStrachota\u201d we Wroc\u0142awiu oraz numer KRS: 0000224647 CEL SZCZEG\u00d3\u0141OWY: [&hellip;]<\/p>\n","protected":false},"author":72,"featured_media":0,"parent":81,"menu_order":0,"comment_status":"closed","ping_status":"closed","template":"","meta":{"ngg_post_thumbnail":0,"footnotes":""},"class_list":["post-438","page","type-page","status-publish","hentry","clearfix"],"_links":{"self":[{"href":"https:\/\/przedszkole13.edu.wroclaw.pl\/index.php\/wp-json\/wp\/v2\/pages\/438","targetHints":{"allow":["GET"]}}],"collection":[{"href":"https:\/\/przedszkole13.edu.wroclaw.pl\/index.php\/wp-json\/wp\/v2\/pages"}],"about":[{"href":"https:\/\/przedszkole13.edu.wroclaw.pl\/index.php\/wp-json\/wp\/v2\/types\/page"}],"author":[{"embeddable":true,"href":"https:\/\/przedszkole13.edu.wroclaw.pl\/index.php\/wp-json\/wp\/v2\/users\/72"}],"replies":[{"embeddable":true,"href":"https:\/\/przedszkole13.edu.wroclaw.pl\/index.php\/wp-json\/wp\/v2\/comments?post=438"}],"version-history":[{"count":7,"href":"https:\/\/przedszkole13.edu.wroclaw.pl\/index.php\/wp-json\/wp\/v2\/pages\/438\/revisions"}],"predecessor-version":[{"id":1929,"href":"https:\/\/przedszkole13.edu.wroclaw.pl\/index.php\/wp-json\/wp\/v2\/pages\/438\/revisions\/1929"}],"up":[{"embeddable":true,"href":"https:\/\/przedszkole13.edu.wroclaw.pl\/index.php\/wp-json\/wp\/v2\/pages\/81"}],"wp:attachment":[{"href":"https:\/\/przedszkole13.edu.wroclaw.pl\/index.php\/wp-json\/wp\/v2\/media?parent=438"}],"curies":[{"name":"wp","href":"https:\/\/api.w.org\/{rel}","templated":true}]}}