
{"id":436,"date":"2018-10-05T08:33:11","date_gmt":"2018-10-05T06:33:11","guid":{"rendered":"https:\/\/przedszkole13.edu.wroclaw.pl\/?page_id=436"},"modified":"2025-04-09T14:21:50","modified_gmt":"2025-04-09T12:21:50","slug":"oferta-zajec-dodatkowych","status":"publish","type":"page","link":"https:\/\/przedszkole13.edu.wroclaw.pl\/index.php\/strona-glowna\/oferta-zajec-dodatkowych\/","title":{"rendered":"Oferta zaj\u0119\u0107 dodatkowych"},"content":{"rendered":"<div class=\"wpb-content-wrapper\"><p>[vc_row][vc_column][vc_tta_accordion style=&#8221;modern&#8221; color=&#8221;turquoise&#8221; c_align=&#8221;center&#8221; active_section=&#8221;-1&#8243; css_animation=&#8221;bounceIn&#8221; collapsible_all=&#8221;true&#8221;][vc_tta_section title=&#8221;GIMANSTYKA KOREKCYJNA Z ELEMENTAMI KOREKCJI&#8221; tab_id=&#8221;1552475406443-d6abb938-c9e2&#8243;][vc_column_text css_animation=&#8221;fadeInRight&#8221;]<\/p>\n<h3><strong>GIMANSTYKA KOREKCYJNA Z ELEMENTAMI KOREKCJI<\/strong><\/h3>\n<p>Zaj\u0119cia z gimnastyki korekcyjnej odbywaj\u0105 si\u0119 we wszystkich grupach wiekowych dwa razy w tygodniu<\/p>\n<p>Na zaj\u0119ciach gimnastyki wykorzystujemy odpowiednie \u0107wiczenia og\u00f3lnorozwojowe, kszta\u0142tuj\u0105ce,\u00a0oddechowe, wytrzyma\u0142o\u015bciowe oraz zabawy ruchowe z elementami \u0107wicze\u0144 korekcyjnych. Maj\u0105 one\u00a0na celu profilaktyk\u0119 i korekcj\u0119 wad postawy, zwi\u0119kszenie wydolno\u015bci organizmu oraz si\u0142y mi\u0119\u015bniowej,\u00a0a przede wszystkim kszta\u0142towanie u dziecka nawyku prawid\u0142owej postawy.<\/p>\n<p>Zaj\u0119cia s\u0105 prowadzone przez\u00a0wykwalifikowan\u0105 kadr\u0119. Maj\u0105 na celu nie tylko korekcj\u0119 zaistnia\u0142ych wad postawy, ale tak\u017ce\u00a0zaszczepienie w dzieciach ch\u0119ci podejmowania aktywno\u015bci fizycznej, pokazania im, \u017ce ruch s\u0142u\u017cy nie\u00a0tylko zdrowiu, ale mo\u017ce dostarcza\u0107 du\u017co rado\u015bci.<\/p>\n<p>Zabawy i gry wykorzystywane podczas zaj\u0119\u0107 odznaczaj\u0105 si\u0119 bogactwem r\u00f3\u017cnorodnych form ruchu,\u00a0takich jak: ch\u00f3d, bieg, skok, rzut, pe\u0142zanie i mocowanie.<\/p>\n<p>Dodatkowe walory to:<\/p>\n<ul>\n<li>wywo\u0142ywanie du\u017cego emocjonalnego zaanga\u017cowania, kt\u00f3re u\u0142atwia dzieciom przyswajanie umiej\u0119tno\u015bci,<\/li>\n<li>dzi\u0119ki r\u00f3\u017cnorodno\u015bci anga\u017cowanie wszystkich partii mi\u0119\u015bniowych przedszkolaka i ich udoskonalanie,<\/li>\n<li>dzi\u0119ki \u201espo\u0142ecznemu charakterowi&#8221; przyzwyczajanie dzieci do dzia\u0142ania w zespole, do podejmowania swych obowi\u0105zk\u00f3w i wychowania w poczuciu sprawiedliwo\u015bci,<\/li>\n<li>pozytywny wp\u0142yw na charakter dziecka,<\/li>\n<li>kszta\u0142towanie takich cech, jak: zdyscyplinowanie, odpowiedzialno\u015b\u0107, opanowanie,<\/li>\n<li>podejmowanie inicjatywy, wsp\u00f3\u0142prace w grupie i wiele innych.<\/li>\n<\/ul>\n<p>[\/vc_column_text][\/vc_tta_section][vc_tta_section title=&#8221;ZAJ\u0118CIA LOGOPEDYCZNE&#8221; tab_id=&#8221;1552475406490-08b3ad5c-6954&#8243;][vc_column_text css_animation=&#8221;fadeInUpBig&#8221;]<\/p>\n<h3><strong>ZAJ\u0118CIA LOGOPEDYCZNE<\/strong><\/h3>\n<p>Wiele dzieci w wieku przedszkolnym przejawia du\u017ce k\u0142opoty nie tylko z funkcjami motorycznymi, (w szczeg\u00f3lno\u015bci \u00a0z ruchliwo\u015bci\u0105 narz\u0105d\u00f3w artykulacyjnych) oraz z\u00a0 opanowaniem \u00a0gramatyki j\u0119zyka polskiego i s\u0142ownictwa koniecznego do opisywania \u015bwiata.<br \/>\n<strong>\u00a0Kiedy nale\u017cy szuka\u0107 pomocy u logopedy?<\/strong><\/p>\n<p><em><u>Rodzicu!<\/u><\/em> <em><u>Pomy\u015bl o swoim dziecku i zastan\u00f3w si\u0119 czy:<\/u><\/em><\/p>\n<ul>\n<li><em>Masz wra\u017cenie, \u017ce dziecko \u017ale s\u0142yszy, cz\u0119sto <\/em>nie reaguje na polecenia lub ich nie rozumie.<\/li>\n<li><em>Zauwa\u017casz nieprawid\u0142owo\u015bci w budowie anatomicznej narz\u0105d\u00f3w mowy dziecka (j\u0119zyka, podniebienia, zgryzu, z\u0119b\u00f3w)<\/em><\/li>\n<li><em>Dziecko m\u00f3wi przez nos \u2013 jak przy katarze, zatkanym nosie &#8211; mimo, \u017ce nie jest chore,<\/em><\/li>\n<li><em>Cz\u0119sto ma otwarte usta, nawet kiedy nie m\u00f3wi<\/em><\/li>\n<li><em>Mowa Twojego dziecka jest ma\u0142o zrozumia\u0142a dla otoczenia,<\/em><\/li>\n<li>Dziecko ma trudno\u015bci z jedzeniem: gryzieniem, \u017cuciem, po\u0142ykaniem.<\/li>\n<li>Dziecko ma ubogie s\u0142ownictwo i buduje zdania niepoprawne gramatycznie<\/li>\n<li>Dziecko z trudem opanowuje technik\u0119 czytania i pisania.<\/li>\n<li>Twoje Dziecko nie wskazuje palcem na przedmioty, niech\u0119tnie na Ciebie patrzy lub si\u0119 przytula.<\/li>\n<li><em>W trakcie m\u00f3wienia dziecko powtarza sylaby (np. ko \u2013 ko \u2013 koza), wyrazy (np. Daj mi mi mi lalk\u0119), zacina si\u0119 (mo\u017ce to by\u0107 tzw. niep\u0142ynno\u015b\u0107 rozwojowa, kt\u00f3ra minie z wiekiem, ale<\/em><em> mo\u017ce to by\u0107 r\u00f3wnie\u017c objaw j\u0105kania)<\/em><\/li>\n<\/ul>\n<p><em>Podczas wymowy g\u0142osek s, z, c, dz, sz, \u017c, cz, d\u017c, \u015b, \u017a, \u0107, d\u017a dziecko:<\/em><\/p>\n<ul>\n<li><em>wsuwa j\u0119zyk mi\u0119dzy z\u0119by<\/em><\/li>\n<li><em>uk\u0142ada go niesymetrycznie, co daje d\u017awi\u0119k po\u015bwistu charakterystyczny dla mowy Kaczora Donalda<\/em><\/li>\n<\/ul>\n<p><em>Podczas wymowy g\u0142oski r :<\/em><\/p>\n<ul>\n<li><em>g\u0142oska brzmi jak w j\u0119zyku francuskim lub niemiecki<\/em><\/li>\n<li><em>dziecko wymawia j\u0105 gard\u0142owo<\/em><\/li>\n<\/ul>\n<p><em>Dziecko ma 6-7 miesi\u0119cy:<\/em><\/p>\n<ul>\n<li><em>nie gaworzy;<\/em><\/li>\n<li><em>nie odwraca g\u0142owy w kierunku d\u017awi\u0119k\u00f3w<\/em><\/li>\n<\/ul>\n<p><em>Dziecko ma 12 miesi\u0119cy:<\/em><\/p>\n<ul>\n<li><em>nie kojarzy s\u0142\u00f3w z osob\u0105 lub przedmiotem (\u201egdzie jest tata\/ mi\u015b?\u201d)<\/em><\/li>\n<li><em>nie wykonuje prostych polece\u0144<\/em><\/li>\n<li><em>nie wypowiada ze zrozumieniem pierwszych s\u0142\u00f3w<\/em><\/li>\n<\/ul>\n<p><em>Dziecko ma 2 lata:<\/em><\/p>\n<ul>\n<li><em>zapytanie \u201eco to jest?\u201d nie nazywa przedmiot\u00f3w<\/em><\/li>\n<li><em>nie pos\u0142uguje si\u0119 prostymi zdaniami<\/em><\/li>\n<li><em>nie wykonuje prostych polece\u0144 (\u201eDaj mamie pi\u0142k\u0119\u201d)<\/em><\/li>\n<\/ul>\n<p><em>Dziecko ma 3 lata:<\/em><\/p>\n<ul>\n<li><em>nie m\u00f3wi wcale<\/em><\/li>\n<li><em>wymawia jedynie pojedyncze i proste wyrazy<\/em><\/li>\n<li><em>wypowiada si\u0119 bardzo p\u0142ynnie, ale j\u0119zyk kt\u00f3rego u\u017cywa nie jest adekwatny do wieku: m\u00f3wi j\u0119zykiem doros\u0142ych, jego wypowiedzi s\u0105 powa\u017cne, pozbawione intonacji, melodii; stosuje dziwactwa j\u0119zykowe (np. wszystkie wyrazy w zdaniu rozpoczynaj\u0105 si\u0119 od tej samej g\u0142oski), ma fenomenaln\u0105 pami\u0119\u0107 (np. mo\u017ce wiele razy powtarza\u0107 s\u0142owo w s\u0142owo relacje z zawod\u00f3w sportowych, dialogi z filmu, tre\u015b\u0107 wiadomo\u015bci). Dziecko ma 4 lata:<\/em><\/li>\n<li><em>nie wymawia g\u0142osek k, g &#8211; zamienia je na t, d (zamiast \u201ekogut\u201d m\u00f3wi \u201etodut\u201d)<\/em><\/li>\n<li><em>g\u0142oski s, z, c, dz zamienia na \u015b, \u017a, \u0107, d\u017a<\/em><\/li>\n<li><em>g\u0142oski d\u017awi\u0119czne zast\u0119puje bezd\u017awi\u0119cznymi np. b na p (zamiast \u201ebuda\u201d m\u00f3wi \u201eputa\u201d,), w na f (zamiast \u201ewoda\u201d \u2013 \u201efota\u201d)<\/em><\/li>\n<\/ul>\n<p><em>Dziecko ma 5 lat:<\/em><\/p>\n<ul>\n<li><em>nie wymawia g\u0142osek sz, \u017c, cz, d\u017c (np. zamiast \u201eszafa\u201d m\u00f3wi \u201esafa\u201d)<\/em><\/li>\n<li><em>nie u\u017cywa zda\u0144 rozwini\u0119tych<\/em><\/li>\n<li><em>nie zadaje pyta\u0144<\/em><\/li>\n<\/ul>\n<p><em>Dziecko ma 6 lat:<\/em><\/p>\n<ul>\n<li><em>nie wymawia g\u0142oski r (zamiast \u201erower\u201d m\u00f3wi \u201elowel\u201d lub \u201ejowej\u201d)<\/em><\/li>\n<li><em>nie potrafi odpowiedzie\u0107 na pytania dotycz\u0105ce tre\u015bci bajki, opowiadania<\/em><\/li>\n<li><em>pope\u0142nia wiele b\u0142\u0119d\u00f3w gramatycznych<\/em><\/li>\n<\/ul>\n<p><em>\u00a0<\/em><\/p>\n<p><strong><em><u>Je\u017celi kt\u00f3rykolwiek z powy\u017cszych punkt\u00f3w odnosi si\u0119 do Twojego dziecka \u2013 nie zwlekaj,<\/u><\/em><\/strong><\/p>\n<p><strong><em>Zg\u0142o\u015b si\u0119 do logopedy!<\/em><\/strong><\/p>\n<p>Logopeda pracuj\u0105cy w naszym przedszkolu uko\u0144czy\u0142 studia II stopnia z neurologopedii klinicznej z wczesn\u0105 interwencj\u0105 logopedyczn\u0105 oraz\u00a0 studia podyplomowe z higieny i emisji g\u0142osu.\u00a0 Stale podnosi swoje kwalifikacje uczestnicz\u0105c z kursach doskonal\u0105cych.[\/vc_column_text][\/vc_tta_section][vc_tta_section title=&#8221;Ceramiczno-rze\u017abiarskie Autorskie Warsztaty Tw\u00f3rcze&#8221; tab_id=&#8221;1557482364102-1ca1c200-8177&#8243;][vc_column_text css_animation=&#8221;bounceInDown&#8221;]<\/p>\n<h3><strong>Ceramiczno-rze\u017abiarskie Autorskie Warsztaty Tw\u00f3rcze.<\/strong><\/h3>\n<p>Prowadzi je Maciej Szczypka, artysta plastyk, nauczyciel z ponad dwudziestoletnim do\u015bwiadczeniem ucz\u0105c dzieci podstaw ceramiki i rze\u017aby w glinie, wykorzystuj\u0105c zabawy integracyjne, narz\u0119dzia rze\u017abiarskie, r\u00f3\u017cne techniki pracy. \u0106wiczenia dostosowane s\u0105 do wieku, predyspozycji i poziomu umiej\u0119tno\u015bci ma\u0142ych tw\u00f3rc\u00f3w. Cykl zaj\u0119\u0107 ko\u0144czy si\u0119 wystaw\u0105 prac, w tym wypalonych w piecu raku i poszkliwionych. Prace te autorzy zabieraj\u0105\u00a0 do domu.[\/vc_column_text][vc_column_text css_animation=&#8221;bounceInDown&#8221;]<\/p>\n<h3><strong>Ceramiczno-rze\u017abiarskie Autorskie Warsztaty Tw\u00f3rcze.<\/strong><\/h3>\n<p>Prowadzi je Maciej Szczypka, artysta plastyk, nauczyciel z ponad dwudziestoletnim do\u015bwiadczeniem ucz\u0105c dzieci podstaw ceramiki i rze\u017aby w glinie, wykorzystuj\u0105c zabawy integracyjne, narz\u0119dzia rze\u017abiarskie, r\u00f3\u017cne techniki pracy. \u0106wiczenia dostosowane s\u0105 do wieku, predyspozycji i poziomu umiej\u0119tno\u015bci ma\u0142ych tw\u00f3rc\u00f3w. Cykl zaj\u0119\u0107 ko\u0144czy si\u0119 wystaw\u0105 prac, w tym wypalonych w piecu raku i poszkliwionych. Prace te autorzy zabieraj\u0105\u00a0 do domu.[\/vc_column_text][\/vc_tta_section][vc_tta_section title=&#8221;ZAJ\u0118CIA Z J\u0118ZYKA ANGIELSKIEGO&#8221; tab_id=&#8221;1744199709041-ddcfc9aa-23a4&#8243;][vc_column_text css=&#8221;&#8221;]Serdecznie zapraszamy do udzia\u0142u w zaj\u0119ciach angielskiego, kt\u00f3re realizowane s\u0105 w naszym przedszkolu.<\/p>\n<p>Co wyr\u00f3\u017cnia nasze zaj\u0119cia?<\/p>\n<ul>\n<li>Nauka przez zabaw\u0119: piosenki, gry ruchowe, rymowanki i zabawy j\u0119zykowe<\/li>\n<li>Przyjazna atmosfera sprzyjaj\u0105ca aktywnej komunikacji<\/li>\n<li>Wykwalifikowana kadra z do\u015bwiadczeniem w pracy z dzie\u0107mi przedszkolnymi<\/li>\n<li>Kolorowe materia\u0142y i ciekawe pomoce dydaktyczne<\/li>\n<li>Rozw\u00f3j kompetencji j\u0119zykowych i spo\u0142ecznych ju\u017c od najm\u0142odszych lat<\/li>\n<\/ul>\n<p>Osoby zainteresowane prosimy o zg\u0142oszenia do wychowawc\u00f3w grup.<\/p>\n<p>[\/vc_column_text][\/vc_tta_section][vc_tta_section title=&#8221;TA\u0143CE&#8221; tab_id=&#8221;1744200023911-252d0296-40c6&#8243;][vc_wp_text title=&#8221;DODATKOWE ZAJ\u0118CIA TANECZNE DLA PRZEDSZKOLAK\u00d3W&#8221;]Zapraszamy wszystkie dzieci do udzia\u0142u w zaj\u0119ciach tanecznych organizowanych na terenie naszego przedszkola.<\/p>\n<p>Co oferuj\u0105 zaj\u0119cia?<\/p>\n<ul>\n<li>Nauka podstaw ta\u0144ca poprzez zabaw\u0119 i proste uk\u0142ady choreograficzne<\/li>\n<li>R\u00f3\u017cnorodne style taneczne dostosowane do wieku dzieci (m.in taniec nowoczesny, elementy ta\u0144ca klasycznego, ta\u0144ce integracyjne)<\/li>\n<li>Rozwijanie koordynacji ruchowej, rytmiki oraz wyobra\u017ani<\/li>\n<li>Wzmacnianie pewno\u015bci siebie i pracy w grupie<\/li>\n<li>Przyjazna atmosfera i du\u017ca dawka pozytywnej energii<\/li>\n<\/ul>\n<p>Osoby zainteresowane prosimy o zg\u0142oszenia do wychowawc\u00f3w grup.[\/vc_wp_text][\/vc_tta_section][\/vc_tta_accordion][\/vc_column][\/vc_row]<\/p>\n<\/div>","protected":false},"excerpt":{"rendered":"<p>[vc_row][vc_column][vc_tta_accordion style=&#8221;modern&#8221; color=&#8221;turquoise&#8221; c_align=&#8221;center&#8221; active_section=&#8221;-1&#8243; css_animation=&#8221;bounceIn&#8221; collapsible_all=&#8221;true&#8221;][vc_tta_section title=&#8221;GIMANSTYKA KOREKCYJNA Z ELEMENTAMI KOREKCJI&#8221; tab_id=&#8221;1552475406443-d6abb938-c9e2&#8243;][vc_column_text css_animation=&#8221;fadeInRight&#8221;] GIMANSTYKA KOREKCYJNA Z ELEMENTAMI KOREKCJI Zaj\u0119cia z gimnastyki korekcyjnej odbywaj\u0105 si\u0119 we wszystkich grupach wiekowych dwa [&hellip;]<\/p>\n","protected":false},"author":72,"featured_media":0,"parent":25,"menu_order":0,"comment_status":"closed","ping_status":"closed","template":"","meta":{"ngg_post_thumbnail":0,"footnotes":""},"class_list":["post-436","page","type-page","status-publish","hentry","clearfix"],"_links":{"self":[{"href":"https:\/\/przedszkole13.edu.wroclaw.pl\/index.php\/wp-json\/wp\/v2\/pages\/436","targetHints":{"allow":["GET"]}}],"collection":[{"href":"https:\/\/przedszkole13.edu.wroclaw.pl\/index.php\/wp-json\/wp\/v2\/pages"}],"about":[{"href":"https:\/\/przedszkole13.edu.wroclaw.pl\/index.php\/wp-json\/wp\/v2\/types\/page"}],"author":[{"embeddable":true,"href":"https:\/\/przedszkole13.edu.wroclaw.pl\/index.php\/wp-json\/wp\/v2\/users\/72"}],"replies":[{"embeddable":true,"href":"https:\/\/przedszkole13.edu.wroclaw.pl\/index.php\/wp-json\/wp\/v2\/comments?post=436"}],"version-history":[{"count":19,"href":"https:\/\/przedszkole13.edu.wroclaw.pl\/index.php\/wp-json\/wp\/v2\/pages\/436\/revisions"}],"predecessor-version":[{"id":1714,"href":"https:\/\/przedszkole13.edu.wroclaw.pl\/index.php\/wp-json\/wp\/v2\/pages\/436\/revisions\/1714"}],"up":[{"embeddable":true,"href":"https:\/\/przedszkole13.edu.wroclaw.pl\/index.php\/wp-json\/wp\/v2\/pages\/25"}],"wp:attachment":[{"href":"https:\/\/przedszkole13.edu.wroclaw.pl\/index.php\/wp-json\/wp\/v2\/media?parent=436"}],"curies":[{"name":"wp","href":"https:\/\/api.w.org\/{rel}","templated":true}]}}