
{"id":430,"date":"2018-10-05T08:30:44","date_gmt":"2018-10-05T06:30:44","guid":{"rendered":"https:\/\/przedszkole13.edu.wroclaw.pl\/?page_id=430"},"modified":"2024-10-22T12:39:20","modified_gmt":"2024-10-22T10:39:20","slug":"rodo","status":"publish","type":"page","link":"https:\/\/przedszkole13.edu.wroclaw.pl\/index.php\/rodo\/","title":{"rendered":"RODO"},"content":{"rendered":"<div class=\"wpb-content-wrapper\"><p>[vc_row][vc_column][vc_column_text css_animation=&#8221;fadeInLeftBig&#8221; css=&#8221;&#8221;]<span style=\"font-size: 14pt;\"><a href=\"https:\/\/przedszkole13.edu.wroclaw.pl\/wp-content\/uploads\/sites\/18\/2024\/10\/Zal.-6a.-Podstawowe-reguly-przetwarzania-danych-docx-35.6KB.docx\">Za\u0142. 6a. Podstawowe regu\u0142y przetwarzania danych [docx 35.6KB]<\/a><\/span><\/p>\n<p><span style=\"font-size: 14pt;\"><a href=\"https:\/\/przedszkole13.edu.wroclaw.pl\/wp-content\/uploads\/sites\/18\/2024\/10\/Zal.-7.-Klauzula-zlozenie-pisma-w-placowce-docx-36.6KB.docx\">Za\u0142. 7. Klauzula &#8211; z\u0142o\u017cenie pisma w plac\u00f3wce [docx 36.6KB]<\/a><\/span><\/p>\n<p><span style=\"font-size: 14pt;\"><a href=\"https:\/\/przedszkole13.edu.wroclaw.pl\/wp-content\/uploads\/sites\/18\/2024\/10\/Zal.-7c.-Klauzula-korespondencja-elektroniczna-docx-36.5KB.docx\">Za\u0142. 7c. Klauzula &#8211; korespondencja elektroniczna [docx 36.5KB]<\/a><\/span><\/p>\n<p><span style=\"font-size: 14pt;\"><a href=\"https:\/\/przedszkole13.edu.wroclaw.pl\/wp-content\/uploads\/sites\/18\/2024\/10\/Zal.-7d.-Klauzula-stopka-mailowa-docx-26.8.docx\">Za\u0142. 7d. Klauzula &#8211; stopka mailowa [docx 26.8]<\/a><\/span><\/p>\n<p><span style=\"font-size: 14pt;\"><a href=\"https:\/\/przedszkole13.edu.wroclaw.pl\/wp-content\/uploads\/sites\/18\/2024\/10\/Zal.-7e.-Klauzula-strona-www-docx-35.1KB.docx\">Za\u0142. 7e. Klauzula &#8211; strona www [docx 35.1KB]<\/a><\/span><\/p>\n<p><span style=\"font-size: 14pt;\"><a href=\"https:\/\/przedszkole13.edu.wroclaw.pl\/wp-content\/uploads\/sites\/18\/2024\/10\/Zal.-7k.-Klauzula-rekrutacja-pracownika-docx-36.7.docx\">Za\u0142. 7k. Klauzula &#8211; rekrutacja pracownika [docx 36.7]<\/a><\/span><\/p>\n<p><span style=\"font-size: 14pt;\"><a href=\"https:\/\/przedszkole13.edu.wroclaw.pl\/wp-content\/uploads\/sites\/18\/2024\/10\/Zal.-7l.-Klauzula-pracownik-nauczyciel-docx-37.6KB.docx\">Za\u0142. 7l. Klauzula &#8211; pracownik &#8211; nauczyciel [docx 37.6KB]<\/a><\/span><\/p>\n<p><span style=\"font-size: 14pt;\"><a href=\"https:\/\/przedszkole13.edu.wroclaw.pl\/wp-content\/uploads\/sites\/18\/2024\/10\/Zal.-7n.-Klauzula-edukacja-dziecka-w-placowce-docx-37.9KB.docx\">Za\u0142. 7n. Klauzula &#8211; edukacja dziecka w plac\u00f3wce [docx 37.9KB]<\/a><\/span><\/p>\n<p><span style=\"font-size: 14pt;\"><a href=\"https:\/\/przedszkole13.edu.wroclaw.pl\/wp-content\/uploads\/sites\/18\/2024\/10\/Zal.-7r.-Klauzula-przyjecie-dziecka-w-ramach-dyzuru-wakacyjnego-docx-35.3KB.docx\">Za\u0142. 7r. Klauzula &#8211; przyj\u0119cie dziecka w ramach dy\u017curu wakacyjnego [docx 35.3KB]<\/a><\/span><\/p>\n<p><span style=\"font-size: 14pt;\"><a href=\"https:\/\/przedszkole13.edu.wroclaw.pl\/wp-content\/uploads\/sites\/18\/2024\/10\/Zal.-7x.-Klauzula-dla-osob-upowaznionych-do-odbioru-dziecka-z-przedszkola-docx-35.9KB.docx\">Za\u0142. 7x. Klauzula &#8211; dla os\u00f3b upowa\u017cnionych do odbioru dziecka z przedszkola [docx 35.9KB]<\/a><\/span>[\/vc_column_text][\/vc_column][\/vc_row]<\/p>\n<\/div>","protected":false},"excerpt":{"rendered":"<p>[vc_row][vc_column][vc_column_text css_animation=&#8221;fadeInLeftBig&#8221; css=&#8221;&#8221;]Za\u0142. 6a. Podstawowe regu\u0142y przetwarzania danych [docx 35.6KB] Za\u0142. 7. Klauzula &#8211; z\u0142o\u017cenie pisma w plac\u00f3wce [docx 36.6KB] Za\u0142. 7c. Klauzula &#8211; korespondencja elektroniczna [docx 36.5KB] Za\u0142. 7d. [&hellip;]<\/p>\n","protected":false},"author":72,"featured_media":0,"parent":0,"menu_order":0,"comment_status":"closed","ping_status":"closed","template":"","meta":{"ngg_post_thumbnail":0,"footnotes":""},"class_list":["post-430","page","type-page","status-publish","hentry","clearfix"],"_links":{"self":[{"href":"https:\/\/przedszkole13.edu.wroclaw.pl\/index.php\/wp-json\/wp\/v2\/pages\/430","targetHints":{"allow":["GET"]}}],"collection":[{"href":"https:\/\/przedszkole13.edu.wroclaw.pl\/index.php\/wp-json\/wp\/v2\/pages"}],"about":[{"href":"https:\/\/przedszkole13.edu.wroclaw.pl\/index.php\/wp-json\/wp\/v2\/types\/page"}],"author":[{"embeddable":true,"href":"https:\/\/przedszkole13.edu.wroclaw.pl\/index.php\/wp-json\/wp\/v2\/users\/72"}],"replies":[{"embeddable":true,"href":"https:\/\/przedszkole13.edu.wroclaw.pl\/index.php\/wp-json\/wp\/v2\/comments?post=430"}],"version-history":[{"count":17,"href":"https:\/\/przedszkole13.edu.wroclaw.pl\/index.php\/wp-json\/wp\/v2\/pages\/430\/revisions"}],"predecessor-version":[{"id":1610,"href":"https:\/\/przedszkole13.edu.wroclaw.pl\/index.php\/wp-json\/wp\/v2\/pages\/430\/revisions\/1610"}],"wp:attachment":[{"href":"https:\/\/przedszkole13.edu.wroclaw.pl\/index.php\/wp-json\/wp\/v2\/media?parent=430"}],"curies":[{"name":"wp","href":"https:\/\/api.w.org\/{rel}","templated":true}]}}