
{"id":426,"date":"2018-10-04T15:55:06","date_gmt":"2018-10-04T13:55:06","guid":{"rendered":"https:\/\/przedszkole13.edu.wroclaw.pl\/?page_id=426"},"modified":"2025-04-09T12:29:16","modified_gmt":"2025-04-09T10:29:16","slug":"aktualnosci","status":"publish","type":"page","link":"https:\/\/przedszkole13.edu.wroclaw.pl\/index.php\/aktualnosci\/","title":{"rendered":"Aktualno\u015bci"},"content":{"rendered":"<div class=\"wpb-content-wrapper\"><p>[vc_row][vc_column][vc_masonry_grid post_type=&#8221;post&#8221; max_items=&#8221;-1&#8243; style=&#8221;load-more&#8221; items_per_page=&#8221;6&#8243; show_filter=&#8221;yes&#8221; css=&#8221;&#8221; btn_title=&#8221;Poka\u017c wi\u0119cej wpis\u00f3w&#8221; btn_color=&#8221;danger&#8221; grid_id=&#8221;vc_gid:1744194526192-6c6631df-1542-9&#8243; taxonomies=&#8221;3&#8243; filter_source=&#8221;category&#8221;][\/vc_column][\/vc_row]<\/p>\n<\/div>","protected":false},"excerpt":{"rendered":"<p>[vc_row][vc_column][vc_masonry_grid post_type=&#8221;post&#8221; max_items=&#8221;-1&#8243; style=&#8221;load-more&#8221; items_per_page=&#8221;6&#8243; show_filter=&#8221;yes&#8221; css=&#8221;&#8221; btn_title=&#8221;Poka\u017c wi\u0119cej wpis\u00f3w&#8221; btn_color=&#8221;danger&#8221; grid_id=&#8221;vc_gid:1744194526192-6c6631df-1542-9&#8243; taxonomies=&#8221;3&#8243; filter_source=&#8221;category&#8221;][\/vc_column][\/vc_row]<\/p>\n","protected":false},"author":72,"featured_media":0,"parent":0,"menu_order":0,"comment_status":"closed","ping_status":"closed","template":"","meta":{"ngg_post_thumbnail":0,"footnotes":""},"class_list":["post-426","page","type-page","status-publish","hentry","clearfix"],"_links":{"self":[{"href":"https:\/\/przedszkole13.edu.wroclaw.pl\/index.php\/wp-json\/wp\/v2\/pages\/426","targetHints":{"allow":["GET"]}}],"collection":[{"href":"https:\/\/przedszkole13.edu.wroclaw.pl\/index.php\/wp-json\/wp\/v2\/pages"}],"about":[{"href":"https:\/\/przedszkole13.edu.wroclaw.pl\/index.php\/wp-json\/wp\/v2\/types\/page"}],"author":[{"embeddable":true,"href":"https:\/\/przedszkole13.edu.wroclaw.pl\/index.php\/wp-json\/wp\/v2\/users\/72"}],"replies":[{"embeddable":true,"href":"https:\/\/przedszkole13.edu.wroclaw.pl\/index.php\/wp-json\/wp\/v2\/comments?post=426"}],"version-history":[{"count":12,"href":"https:\/\/przedszkole13.edu.wroclaw.pl\/index.php\/wp-json\/wp\/v2\/pages\/426\/revisions"}],"predecessor-version":[{"id":1703,"href":"https:\/\/przedszkole13.edu.wroclaw.pl\/index.php\/wp-json\/wp\/v2\/pages\/426\/revisions\/1703"}],"wp:attachment":[{"href":"https:\/\/przedszkole13.edu.wroclaw.pl\/index.php\/wp-json\/wp\/v2\/media?parent=426"}],"curies":[{"name":"wp","href":"https:\/\/api.w.org\/{rel}","templated":true}]}}