
{"id":25,"date":"2016-02-24T14:28:22","date_gmt":"2016-02-24T13:28:22","guid":{"rendered":"https:\/\/przedszkole13.edu.wroclaw.pl\/?page_id=25"},"modified":"2026-02-24T11:07:17","modified_gmt":"2026-02-24T10:07:17","slug":"strona-glowna","status":"publish","type":"page","link":"https:\/\/przedszkole13.edu.wroclaw.pl\/","title":{"rendered":"Strona g\u0142\u00f3wna"},"content":{"rendered":"<div class=\"wpb-content-wrapper\"><p>[vc_row][vc_column][vc_column_text css_animation=&#8221;top-to-bottom&#8221; css=&#8221;&#8221;]<strong>Przedszkole nr 13<\/strong> po\u0142o\u017cone jest w malowniczej dzielnicy Zalesie we Wroc\u0142awiu. Plac\u00f3wka mie\u015bci si\u0119 w klimatycznym budynku willowym, w otoczeniu zieleni i miejsc sprzyjaj\u0105cych aktywnemu wypoczynkowi. W bezpo\u015brednim s\u0105siedztwie znajduj\u0105 si\u0119: nabrze\u017ce Odry, <strong>Park Szczytnicki<\/strong>, <strong>Stadion Olimpijski<\/strong>, <strong>O\u015brodek Rekreacji Morskie Oko<\/strong> oraz <strong>Szko\u0142a Podstawowa nr 36<\/strong> przy ul. Chopina.<\/p>\n<p data-start=\"753\" data-end=\"980\">Dysponujemy <strong data-start=\"765\" data-end=\"798\">czterema salami dydaktycznymi<\/strong>, w tym sal\u0105 do zaj\u0119\u0107 dodatkowych, a tak\u017ce zaj\u0119\u0107 z psychologiem oraz logoped\u0105. Na miejscu dzia\u0142a w\u0142asna kuchnia, w kt\u00f3rej przygotowywane s\u0105 <strong data-start=\"911\" data-end=\"938\">\u00a0domowe posi\u0142ki<\/strong>\u00a0z uwzgl\u0119dnieniem diet specjalnych.<\/p>\n<p>[\/vc_column_text][vc_empty_space][\/vc_column][\/vc_row][vc_row][vc_column width=&#8221;1\/3&#8243; animation=&#8221;bottom-to-top&#8221;][vc_single_image image=&#8221;71&#8243; alignment=&#8221;center&#8221; css=&#8221;&#8221;][vc_custom_heading text=&#8221;Oferta edukacyjna&#8221; font_container=&#8221;tag:h3|font_size:2em|text_align:center&#8221; google_fonts=&#8221;font_family:Montserrat%3Aregular%2C700|font_style:700%20bold%20regular%3A700%3Anormal&#8221; css=&#8221;.vc_custom_1726823877512{margin-top: -35px !important;}&#8221;][vc_column_text css=&#8221;&#8221;]<\/p>\n<p style=\"text-align: center\"><span style=\"font-size: 12pt\">dostosowana do potrzeb i mo\u017cliwo\u015bci rozwojowych dzieci, skupia si\u0119 wok\u00f3\u0142 rozwijania potencja\u0142u tw\u00f3rczego dziecka bogaty kalendarz wyj\u015b\u0107 do o\u015brodk\u00f3w edukacyjnych i kulturalnych<\/span><br \/>\n<span style=\"font-size: 12pt\">zaj\u0119cia dodatkowe ( rze\u017aba i ceramika, zaj\u0119cia taneczne oraz zaj\u0119cia z j\u0119zyka angielskiego) po zako\u0144czeniu umowy o \u015bwiadczeniu us\u0142ug przedszkola.<\/span><\/p>\n<p>[\/vc_column_text][\/vc_column][vc_column width=&#8221;1\/3&#8243; animation=&#8221;right-to-left&#8221;][vc_single_image image=&#8221;69&#8243; alignment=&#8221;center&#8221; css=&#8221;&#8221;][vc_custom_heading text=&#8221;Bezpiecze\u0144stwo&#8221; font_container=&#8221;tag:h3|font_size:2em|text_align:center&#8221; google_fonts=&#8221;font_family:Montserrat%3Aregular%2C700|font_style:700%20bold%20regular%3A700%3Anormal&#8221; css=&#8221;.vc_custom_1726823882265{margin-top: -35px !important;}&#8221;][vc_column_text css=&#8221;&#8221;]<\/p>\n<p style=\"text-align: center\"><span style=\"font-size: 12pt\">budynek wyposa\u017cony w wideodomofony drzwi wyj\u015bciowe z budynku zabezpieczone przed niekontrolowanym wyj\u015bciem wychowank\u00f3w wyposa\u017cenie sal, urz\u0105dzenia na placu zabaw oraz pomoce edukacyjne posiadaj\u0105 certyfikaty<\/span><\/p>\n<p>[\/vc_column_text][vc_btn title=&#8221;Czytaj wi\u0119cej o bezpiecze\u0144stwie&#8221; style=&#8221;classic&#8221; color=&#8221;juicy-pink&#8221; align=&#8221;center&#8221; css=&#8221;&#8221; link=&#8221;url:https%3A%2F%2Fprzedszkole13.edu.wroclaw.pl%2Findex.php%2Fstrona-glowna%2Fbezpieczenstwo%2F|title:BEZPIECZE%C5%83STWO&#8221;][\/vc_column][vc_column width=&#8221;1\/3&#8243; animation=&#8221;left-to-right&#8221;][vc_single_image image=&#8221;70&#8243; alignment=&#8221;center&#8221; css=&#8221;&#8221;][vc_custom_heading text=&#8221;Kadra&#8221; font_container=&#8221;tag:h3|font_size:2em|text_align:center&#8221; google_fonts=&#8221;font_family:Montserrat%3Aregular%2C700|font_style:700%20bold%20regular%3A700%3Anormal&#8221; css=&#8221;.vc_custom_1726824094646{margin-top: -35px !important;}&#8221;][vc_column_text css=&#8221;&#8221;]<\/p>\n<p style=\"text-align: center\"><span style=\"font-size: 12pt\">wykwalifikowana, stale doskonal\u0105ca si\u0119 kadra pedagogiczna, tworzy zgrany, kreatywny zesp\u00f3\u0142 specjali\u015bci \u2013 logopeda oraz nauczyciel gimnastyki korekcyjnej udzielaj\u0105 fachowego wsparcia<\/span><\/p>\n<p>[\/vc_column_text][\/vc_column][\/vc_row]<\/p>\n<\/div>","protected":false},"excerpt":{"rendered":"<p>[vc_row][vc_column][vc_column_text css_animation=&#8221;top-to-bottom&#8221; css=&#8221;&#8221;]Przedszkole nr 13 po\u0142o\u017cone jest w malowniczej dzielnicy Zalesie we Wroc\u0142awiu. Plac\u00f3wka mie\u015bci si\u0119 w klimatycznym budynku willowym, w otoczeniu zieleni i miejsc sprzyjaj\u0105cych aktywnemu wypoczynkowi. W bezpo\u015brednim [&hellip;]<\/p>\n","protected":false},"author":15,"featured_media":0,"parent":0,"menu_order":0,"comment_status":"closed","ping_status":"closed","template":"","meta":{"ngg_post_thumbnail":0,"footnotes":""},"class_list":["post-25","page","type-page","status-publish","hentry","clearfix"],"_links":{"self":[{"href":"https:\/\/przedszkole13.edu.wroclaw.pl\/index.php\/wp-json\/wp\/v2\/pages\/25","targetHints":{"allow":["GET"]}}],"collection":[{"href":"https:\/\/przedszkole13.edu.wroclaw.pl\/index.php\/wp-json\/wp\/v2\/pages"}],"about":[{"href":"https:\/\/przedszkole13.edu.wroclaw.pl\/index.php\/wp-json\/wp\/v2\/types\/page"}],"author":[{"embeddable":true,"href":"https:\/\/przedszkole13.edu.wroclaw.pl\/index.php\/wp-json\/wp\/v2\/users\/15"}],"replies":[{"embeddable":true,"href":"https:\/\/przedszkole13.edu.wroclaw.pl\/index.php\/wp-json\/wp\/v2\/comments?post=25"}],"version-history":[{"count":72,"href":"https:\/\/przedszkole13.edu.wroclaw.pl\/index.php\/wp-json\/wp\/v2\/pages\/25\/revisions"}],"predecessor-version":[{"id":1952,"href":"https:\/\/przedszkole13.edu.wroclaw.pl\/index.php\/wp-json\/wp\/v2\/pages\/25\/revisions\/1952"}],"wp:attachment":[{"href":"https:\/\/przedszkole13.edu.wroclaw.pl\/index.php\/wp-json\/wp\/v2\/media?parent=25"}],"curies":[{"name":"wp","href":"https:\/\/api.w.org\/{rel}","templated":true}]}}