
{"id":1917,"date":"2026-02-02T09:46:44","date_gmt":"2026-02-02T08:46:44","guid":{"rendered":"https:\/\/przedszkole13.edu.wroclaw.pl\/?page_id=1917"},"modified":"2026-02-02T09:56:42","modified_gmt":"2026-02-02T08:56:42","slug":"rekrutacja-2026-2027","status":"publish","type":"page","link":"https:\/\/przedszkole13.edu.wroclaw.pl\/index.php\/dal-rodzicow\/rekrutacja-2026-2027\/","title":{"rendered":"Rekrutacja 2026\/2027"},"content":{"rendered":"<p data-start=\"157\" data-end=\"385\">Szanowni Pa\u0144stwo,<br data-start=\"174\" data-end=\"177\" \/>prosimy o zapoznanie si\u0119 z informacjami dotycz\u0105cymi rekrutacji do naszego przedszkola.<br data-start=\"263\" data-end=\"266\" \/>Poni\u017cej zamieszczone zosta\u0142y pliki zawieraj\u0105ce szczeg\u00f3\u0142owe informacje, harmonogram rekrutacji oraz niezb\u0119dne dokumenty.<\/p>\n<p data-start=\"387\" data-end=\"460\">Zach\u0119camy do uwa\u017cnego zapoznania si\u0119 z tre\u015bci\u0105 udost\u0119pnionych materia\u0142\u00f3w.<\/p>\n<p data-start=\"387\" data-end=\"460\"><a href=\"https:\/\/przedszkole13.edu.wroclaw.pl\/wp-content\/uploads\/sites\/18\/2026\/02\/UDZIAL-W-REKRUTACJI.docx\">UDZIA\u0141 W REKRUTACJI<\/a><\/p>\n<p data-start=\"387\" data-end=\"460\"><a href=\"https:\/\/przedszkole13.edu.wroclaw.pl\/wp-content\/uploads\/sites\/18\/2026\/02\/SAMOTNE-WYCHOWANIE.docx\">SAMOTNE WYCHOWANIE<\/a><\/p>\n<p data-start=\"387\" data-end=\"460\"><a href=\"https:\/\/przedszkole13.edu.wroclaw.pl\/wp-content\/uploads\/sites\/18\/2026\/02\/PODSTAWY-PRAWNE.docx\">PODSTAWY PRAWNE<\/a><\/p>\n<p data-start=\"387\" data-end=\"460\"><a href=\"https:\/\/przedszkole13.edu.wroclaw.pl\/wp-content\/uploads\/sites\/18\/2026\/02\/ODWOLANIA.docx\">ODWO\u0141ANIA<\/a><\/p>\n<p data-start=\"387\" data-end=\"460\"><a href=\"https:\/\/przedszkole13.edu.wroclaw.pl\/wp-content\/uploads\/sites\/18\/2026\/02\/KRYTERIA-.docx\">KRYTERIA<\/a><\/p>\n<p data-start=\"387\" data-end=\"460\"><a href=\"https:\/\/przedszkole13.edu.wroclaw.pl\/wp-content\/uploads\/sites\/18\/2026\/02\/KONTYNUACJA.docx\">KONTYNUACJA<\/a><\/p>\n<p data-start=\"387\" data-end=\"460\"><a href=\"https:\/\/przedszkole13.edu.wroclaw.pl\/wp-content\/uploads\/sites\/18\/2026\/02\/KOMUNIKAT.docx\">KOMUNIKAT<\/a><\/p>\n<p data-start=\"387\" data-end=\"460\"><a href=\"https:\/\/przedszkole13.edu.wroclaw.pl\/wp-content\/uploads\/sites\/18\/2026\/02\/INFORMACJE-OGOLNE.docx\">INFORMACJE OG\u00d3LNE<\/a><\/p>\n<p data-start=\"387\" data-end=\"460\"><a href=\"https:\/\/przedszkole13.edu.wroclaw.pl\/wp-content\/uploads\/sites\/18\/2026\/02\/HARMONOGRAM-DLA-RODZICOW-ETAP-UZUPELNIAJACY.docx\">HARMONOGRAM DLA RODZIC\u00d3W &#8211; ETAP UZUPE\u0141NIAJ\u0104CY<\/a><\/p>\n<p data-start=\"387\" data-end=\"460\"><a href=\"https:\/\/przedszkole13.edu.wroclaw.pl\/wp-content\/uploads\/sites\/18\/2026\/02\/HARMONOGRAM-DLA-RODZICOW-ETAP-PODSTAWOWY.docx\">HARMONOGRAM DLA RODZIC\u00d3W &#8211; ETAP PODSTAWOWY<\/a><\/p>\n<p data-start=\"387\" data-end=\"460\"><a href=\"https:\/\/przedszkole13.edu.wroclaw.pl\/wp-content\/uploads\/sites\/18\/2026\/02\/DZIECI-O-SPECJALNYCH-POTRZEBACH.docx\">DZIECI O SPECJALNYCH POTRZEBACH<\/a><\/p>\n<p data-start=\"387\" data-end=\"460\"><a href=\"https:\/\/przedszkole13.edu.wroclaw.pl\/wp-content\/uploads\/sites\/18\/2026\/02\/DOCHOD.docx\">DOCH\u00d3D<\/a><\/p>\n<p data-start=\"387\" data-end=\"460\"><a href=\"https:\/\/przedszkole13.edu.wroclaw.pl\/wp-content\/uploads\/sites\/18\/2026\/02\/BIULETYN-INFORMACYJNY.pdf\">BIULETYN INFORMACYJNY<\/a><\/p>\n","protected":false},"excerpt":{"rendered":"<p>Szanowni Pa\u0144stwo,prosimy o zapoznanie si\u0119 z informacjami dotycz\u0105cymi rekrutacji do naszego przedszkola.Poni\u017cej zamieszczone zosta\u0142y pliki zawieraj\u0105ce szczeg\u00f3\u0142owe informacje, harmonogram rekrutacji oraz niezb\u0119dne dokumenty. Zach\u0119camy do uwa\u017cnego zapoznania si\u0119 z tre\u015bci\u0105 [&hellip;]<\/p>\n","protected":false},"author":451,"featured_media":0,"parent":81,"menu_order":0,"comment_status":"closed","ping_status":"closed","template":"","meta":{"ngg_post_thumbnail":0,"footnotes":""},"class_list":["post-1917","page","type-page","status-publish","hentry","clearfix"],"_links":{"self":[{"href":"https:\/\/przedszkole13.edu.wroclaw.pl\/index.php\/wp-json\/wp\/v2\/pages\/1917","targetHints":{"allow":["GET"]}}],"collection":[{"href":"https:\/\/przedszkole13.edu.wroclaw.pl\/index.php\/wp-json\/wp\/v2\/pages"}],"about":[{"href":"https:\/\/przedszkole13.edu.wroclaw.pl\/index.php\/wp-json\/wp\/v2\/types\/page"}],"author":[{"embeddable":true,"href":"https:\/\/przedszkole13.edu.wroclaw.pl\/index.php\/wp-json\/wp\/v2\/users\/451"}],"replies":[{"embeddable":true,"href":"https:\/\/przedszkole13.edu.wroclaw.pl\/index.php\/wp-json\/wp\/v2\/comments?post=1917"}],"version-history":[{"count":1,"href":"https:\/\/przedszkole13.edu.wroclaw.pl\/index.php\/wp-json\/wp\/v2\/pages\/1917\/revisions"}],"predecessor-version":[{"id":1918,"href":"https:\/\/przedszkole13.edu.wroclaw.pl\/index.php\/wp-json\/wp\/v2\/pages\/1917\/revisions\/1918"}],"up":[{"embeddable":true,"href":"https:\/\/przedszkole13.edu.wroclaw.pl\/index.php\/wp-json\/wp\/v2\/pages\/81"}],"wp:attachment":[{"href":"https:\/\/przedszkole13.edu.wroclaw.pl\/index.php\/wp-json\/wp\/v2\/media?parent=1917"}],"curies":[{"name":"wp","href":"https:\/\/api.w.org\/{rel}","templated":true}]}}